{"id":3199,"date":"2023-12-12T01:11:56","date_gmt":"2023-12-12T01:11:56","guid":{"rendered":"https:\/\/doctorados.udp.cl\/?page_id=3199"},"modified":"2025-04-02T14:10:53","modified_gmt":"2025-04-02T14:10:53","slug":"calendario-de-actividades","status":"publish","type":"page","link":"https:\/\/doctorados.udp.cl\/en\/estudiantes-2\/calendario-de-actividades\/","title":{"rendered":"Calendario de actividades"},"content":{"rendered":"<table>\n<tbody>\n<tr>\n<td width=\"94\">Enero<\/td>\n<td width=\"494\">Viernes 12: Ceremonia de graduaci\u00f3n de programas de doctorado (12.00 hrs.- Biblioteca Nicanor Parra)<\/td>\n<\/tr>\n<tr>\n<td width=\"94\">Febrero<\/td>\n<td width=\"494\">Receso de verano y per\u00edodo de vacaciones<\/td>\n<\/tr>\n<tr>\n<td width=\"94\">Abril<\/td>\n<td width=\"494\">Viernes 12: Bienvenida nuevos estudiantes (9.30 hrs.)<\/td>\n<\/tr>\n<tr>\n<td width=\"94\">Junio<\/td>\n<td width=\"494\">Desde el 4 de junio al 23 de julio: Curso escritura acad\u00e9mica en ingl\u00e9s<\/td>\n<\/tr>\n<tr>\n<td rowspan=\"2\" width=\"94\">Septiembre<\/td>\n<td width=\"494\">Viernes 6: Jornada anual de investigaci\u00f3n de estudiantes de doctorado<\/td>\n<\/tr>\n<tr>\n<td width=\"494\">16 al 21 de septiembre: Receso de Fiestas Patrias.<\/td>\n<\/tr>\n<tr>\n<td width=\"94\">Octubre<\/td>\n<td width=\"494\"><a href=\"https:\/\/anid.cl\/capital-humano\/calendario-anual\/\" target=\"_blank\" rel=\"noopener\">Periodo de <strong>postulaci\u00f3n a becas ANID<\/strong><\/a><\/td>\n<\/tr>\n<\/tbody>\n<\/table>\n","protected":false},"excerpt":{"rendered":"<p>Enero Viernes 12: Ceremonia de graduaci\u00f3n de programas de doctorado (12.00 hrs.- Biblioteca Nicanor Parra) Febrero Receso de verano y per\u00edodo de vacaciones Abril Viernes 12: Bienvenida nuevos estudiantes (9.30 hrs.) Junio Desde el 4 de junio al 23 de julio: Curso escritura acad\u00e9mica en ingl\u00e9s Septiembre Viernes 6: Jornada anual de investigaci\u00f3n de estudiantes [&hellip;]<\/p>\n","protected":false},"author":16,"featured_media":0,"parent":4121,"menu_order":4,"comment_status":"closed","ping_status":"closed","template":"","meta":{"_acf_changed":false,"footnotes":""},"class_list":["post-3199","page","type-page","status-publish","hentry"],"acf":[],"_links":{"self":[{"href":"https:\/\/doctorados.udp.cl\/en\/wp-json\/wp\/v2\/pages\/3199","targetHints":{"allow":["GET"]}}],"collection":[{"href":"https:\/\/doctorados.udp.cl\/en\/wp-json\/wp\/v2\/pages"}],"about":[{"href":"https:\/\/doctorados.udp.cl\/en\/wp-json\/wp\/v2\/types\/page"}],"author":[{"embeddable":true,"href":"https:\/\/doctorados.udp.cl\/en\/wp-json\/wp\/v2\/users\/16"}],"replies":[{"embeddable":true,"href":"https:\/\/doctorados.udp.cl\/en\/wp-json\/wp\/v2\/comments?post=3199"}],"version-history":[{"count":3,"href":"https:\/\/doctorados.udp.cl\/en\/wp-json\/wp\/v2\/pages\/3199\/revisions"}],"predecessor-version":[{"id":3202,"href":"https:\/\/doctorados.udp.cl\/en\/wp-json\/wp\/v2\/pages\/3199\/revisions\/3202"}],"up":[{"embeddable":true,"href":"https:\/\/doctorados.udp.cl\/en\/wp-json\/wp\/v2\/pages\/4121"}],"wp:attachment":[{"href":"https:\/\/doctorados.udp.cl\/en\/wp-json\/wp\/v2\/media?parent=3199"}],"curies":[{"name":"wp","href":"https:\/\/api.w.org\/{rel}","templated":true}]}}